{"id":527,"date":"2021-11-12T05:13:31","date_gmt":"2021-11-12T05:13:31","guid":{"rendered":"https:\/\/demo.casethemes.net\/industo\/?page_id=527"},"modified":"2025-11-20T22:24:00","modified_gmt":"2025-11-20T22:24:00","slug":"contact","status":"publish","type":"page","link":"https:\/\/future.sosyalmedyapaketi.com\/en\/contact\/","title":{"rendered":"Contact"},"content":{"rendered":"\t\t<div data-elementor-type=\"wp-page\" data-elementor-id=\"527\" class=\"elementor elementor-527\">\n\t\t\t\t        <section class=\"elementor-section elementor-top-section elementor-element elementor-element-89c9812 elementor-section-stretched elementor-section-boxed elementor-section-height-default elementor-section-height-default ct-header-fixed-none ct-column-none ct-row-scroll-none ct-row-gradient--none ct-row-container--default\" data-id=\"89c9812\" data-element_type=\"section\" data-settings=\"{&quot;stretch_section&quot;:&quot;section-stretched&quot;}\">\n            \n                        <div class=\"elementor-container elementor-column-gap-extended \">\n                    <div class=\"elementor-column elementor-col-100 elementor-top-column elementor-element elementor-element-2ba1be0 ct-column-none col-offset-none\" data-id=\"2ba1be0\" data-element_type=\"column\">\n        <div class=\"elementor-widget-wrap elementor-element-populated\">\n                    \n        \t\t<div class=\"elementor-element elementor-element-6caf3df elementor-widget elementor-widget-ct_heading\" data-id=\"6caf3df\" data-element_type=\"widget\" data-widget_type=\"ct_heading.default\">\n\t\t\t\t<div class=\"elementor-widget-container\">\n\t\t\t\t\t<div id=\"ct_heading-6caf3df\" class=\"ct-heading h-align-center item-st-default\">\r\n    <div class=\"heading-wrapper\">\r\n        <div class=\"inner-heading\">\r\n                          \t                <h3 class=\"item--title case-animate-time st-default \" data-wow-delay=\"ms\">\r\n                    <span>Contact Us<\/span>                <\/h3>\r\n        <\/div>\r\n    <\/div>\r\n<\/div>\r\n\t\t\t\t<\/div>\n\t\t\t\t<\/div>\n\t\t        <section class=\"elementor-section elementor-inner-section elementor-element elementor-element-6aab44c elementor-section-boxed elementor-section-height-default elementor-section-height-default ct-header-fixed-none ct-column-none ct-row-scroll-none ct-row-gradient--none ct-row-container--default\" data-id=\"6aab44c\" data-element_type=\"section\">\n            \n                        <div class=\"elementor-container elementor-column-gap-extended \">\n                    <div class=\"elementor-column elementor-col-33 elementor-inner-column elementor-element elementor-element-942afde ct-column-none col-offset-none\" data-id=\"942afde\" data-element_type=\"column\">\n        <div class=\"elementor-widget-wrap elementor-element-populated\">\n                    \n        \t\t<div class=\"elementor-element elementor-element-7e1d60e elementor-widget elementor-widget-ct_info_box\" data-id=\"7e1d60e\" data-element_type=\"widget\" data-widget_type=\"ct_info_box.default\">\n\t\t\t\t<div class=\"elementor-widget-container\">\n\t\t\t\t\t\r\n<div id=\"ct_info_box-7e1d60e\" class=\"ct-info-box layout1 wow fadeInUp\" data-wow-delay=\"ms\">\r\n    <div class=\"inner-box\">\r\n        <div class=\"meta-box\">\r\n                            <div class=\"item--icon icon-right-from-Left\">\r\n                    <i aria-hidden=\"true\" class=\"far fa-user\"><\/i>                <\/div>\r\n                                    <div class=\"item--meta\">\r\n                <h3 class=\"item--title\">\r\n                    Kutay \u00d6zkanl\u0131                <\/h3>\r\n                <div class=\"sub-title\">\r\n                                    <\/div>\r\n            <\/div>\r\n        <\/div>\r\n                    <ul class=\"list-row\">\r\n                                        <li class=\"item--contact-info\">\r\n                                                            <span class=\"ct-contact-content\">\r\n                                    kutay@future.sosyalmedyapaketi.com                                 <\/span>\r\n                                                   <\/li>\r\n                                        <li class=\"item--contact-info\">\r\n                                                            <span class=\"ct-contact-content\">\r\n                                   export@future.sosyalmedyapaketi.com                                 <\/span>\r\n                                                   <\/li>\r\n                                        <li class=\"item--contact-info\">\r\n                            <a href=\"https:\/\/api.whatsapp.com\/send?phone=905372573068&amp;text=\">                                <span class=\"ct-contact-content\">\r\n                                   \u202a+90 537 257 30 68                                <\/span>\r\n                            <\/a>                       <\/li>\r\n                            <\/ul>\r\n            <\/div>\r\n<\/div>\t\t\t\t<\/div>\n\t\t\t\t<\/div>\n\t\t            <\/div>\n        <\/div>\n                <div class=\"elementor-column elementor-col-33 elementor-inner-column elementor-element elementor-element-7064431 ct-column-none col-offset-none\" data-id=\"7064431\" data-element_type=\"column\">\n        <div class=\"elementor-widget-wrap elementor-element-populated\">\n                    \n        \t\t<div class=\"elementor-element elementor-element-20b6cfc elementor-widget elementor-widget-ct_info_box\" data-id=\"20b6cfc\" data-element_type=\"widget\" data-widget_type=\"ct_info_box.default\">\n\t\t\t\t<div class=\"elementor-widget-container\">\n\t\t\t\t\t\r\n<div id=\"ct_info_box-20b6cfc\" class=\"ct-info-box layout1 wow fadeInUp\" data-wow-delay=\"ms\">\r\n    <div class=\"inner-box\">\r\n        <div class=\"meta-box\">\r\n                            <div class=\"item--icon icon-Scale-Delay\">\r\n                    <i aria-hidden=\"true\" class=\"flaticon flaticon-dog-house\"><\/i>                <\/div>\r\n                                    <div class=\"item--meta\">\r\n                <h3 class=\"item--title\">\r\n                    Office                <\/h3>\r\n                <div class=\"sub-title\">\r\n                                    <\/div>\r\n            <\/div>\r\n        <\/div>\r\n                    <ul class=\"list-row\">\r\n                                        <li class=\"item--contact-info\">\r\n                            <a href=\"https:\/\/www.google.com\/maps\/place\/37%C2%B003&#039;19.1%22N+37%C2%B019&#039;20.7%22E\/@37.054842,37.3204615,17.25z\/data=!4m4!3m3!8m2!3d37.0552979!4d37.322422?entry=ttu&amp;g_ep=EgoyMDI1MTAwMS4wIKXMDSoASAFQAw%3D%3D\">                                <span class=\"ct-contact-content\">\r\n                                   15 TEMMUZ MAH. 148046 NOLU SK. NO.7\/1 GAZ\u0130ANTEP\/\u015eEH\u0130TKAM\u0130L                                <\/span>\r\n                            <\/a>                       <\/li>\r\n                            <\/ul>\r\n            <\/div>\r\n<\/div>\t\t\t\t<\/div>\n\t\t\t\t<\/div>\n\t\t            <\/div>\n        <\/div>\n                <div class=\"elementor-column elementor-col-33 elementor-inner-column elementor-element elementor-element-091a81d ct-column-none col-offset-none\" data-id=\"091a81d\" data-element_type=\"column\">\n        <div class=\"elementor-widget-wrap elementor-element-populated\">\n                    \n        \t\t<div class=\"elementor-element elementor-element-601f57b elementor-widget elementor-widget-ct_info_box\" data-id=\"601f57b\" data-element_type=\"widget\" data-widget_type=\"ct_info_box.default\">\n\t\t\t\t<div class=\"elementor-widget-container\">\n\t\t\t\t\t\r\n<div id=\"ct_info_box-601f57b\" class=\"ct-info-box layout1 wow fadeInUp\" data-wow-delay=\"ms\">\r\n    <div class=\"inner-box\">\r\n        <div class=\"meta-box\">\r\n                            <div class=\"item--icon icon-shakeThatBooty\">\r\n                    <i aria-hidden=\"true\" class=\"flaticon flaticon-eco-factory-1\"><\/i>                <\/div>\r\n                                    <div class=\"item--meta\">\r\n                <h3 class=\"item--title\">\r\n                    Factory                <\/h3>\r\n                <div class=\"sub-title\">\r\n                                    <\/div>\r\n            <\/div>\r\n        <\/div>\r\n                    <ul class=\"list-row\">\r\n                                        <li class=\"item--contact-info\">\r\n                            <a href=\"https:\/\/www.google.com\/maps\/place\/36%C2%B043&#039;47.1%22N+37%C2%B013&#039;17.4%22E\/@36.7303616,37.2181858,16.75z\/data=!4m4!3m3!8m2!3d36.7297554!4d37.2215004?entry=ttu&amp;g_ep=EgoyMDI1MTAwMS4wIKXMDSoASAFQAw%3D%3D\" target=\"_blank\">                                <span class=\"ct-contact-content\">\r\n                                   ORGAN\u0130ZE SANAY\u0130 B\u00d6LGES\u0130 MAH. 28 NOLU CAD. \nFUTURE \u0130DAR\u0130 NO\u00a031\u00a0MERKEZ\/K\u0130L\u0130S                                <\/span>\r\n                            <\/a>                       <\/li>\r\n                            <\/ul>\r\n            <\/div>\r\n<\/div>\t\t\t\t<\/div>\n\t\t\t\t<\/div>\n\t\t            <\/div>\n        <\/div>\n                    <\/div>\n        <\/section>\n                    <\/div>\n        <\/div>\n                    <\/div>\n        <\/section>\n                <section class=\"elementor-section elementor-top-section elementor-element elementor-element-63a6b79 elementor-section-stretched elementor-reverse-tablet elementor-reverse-mobile elementor-hidden-desktop elementor-hidden-tablet elementor-hidden-mobile elementor-section-boxed elementor-section-height-default elementor-section-height-default ct-header-fixed-none ct-column-none ct-row-scroll-none ct-row-gradient--none ct-row-container--default\" data-id=\"63a6b79\" data-element_type=\"section\" id=\"map\" data-settings=\"{&quot;stretch_section&quot;:&quot;section-stretched&quot;,&quot;background_background&quot;:&quot;classic&quot;}\">\n            \n                        <div class=\"elementor-container elementor-column-gap-extended \">\n                    <div class=\"elementor-column elementor-col-100 elementor-top-column elementor-element elementor-element-9137595 ct-column-none col-offset-none\" data-id=\"9137595\" data-element_type=\"column\">\n        <div class=\"elementor-widget-wrap elementor-element-populated\">\n                    \n        \t\t<div class=\"elementor-element elementor-element-cf02c07 elementor-widget elementor-widget-google_maps\" data-id=\"cf02c07\" data-element_type=\"widget\" data-widget_type=\"google_maps.default\">\n\t\t\t\t\t\t\t<div class=\"elementor-custom-embed\">\n\t\t\t<iframe loading=\"lazy\"\n\t\t\t\t\tsrc=\"https:\/\/maps.google.com\/maps?q=ORGAN%C4%B0ZE%20SANAY%C4%B0%20B%C3%96LGES%C4%B0%20MAH.%2028%20NOLU%20CAD.%20%20FUTURE%20%C4%B0DAR%C4%B0%20NO%C2%A031%C2%A0MERKEZ%2FK%C4%B0L%C4%B0S&#038;t=m&#038;z=12&#038;output=embed&#038;iwloc=near\"\n\t\t\t\t\ttitle=\"ORGAN\u0130ZE SANAY\u0130 B\u00d6LGES\u0130 MAH. 28 NOLU CAD.  FUTURE \u0130DAR\u0130 NO\u00a031\u00a0MERKEZ\/K\u0130L\u0130S\"\n\t\t\t\t\taria-label=\"ORGAN\u0130ZE SANAY\u0130 B\u00d6LGES\u0130 MAH. 28 NOLU CAD.  FUTURE \u0130DAR\u0130 NO\u00a031\u00a0MERKEZ\/K\u0130L\u0130S\"\n\t\t\t><\/iframe>\n\t\t<\/div>\n\t\t\t\t\t\t<\/div>\n\t\t            <\/div>\n        <\/div>\n                    <\/div>\n        <\/section>\n        <div class=\"elementor-element elementor-element-16789de e-flex e-con-boxed e-con e-parent\" data-id=\"16789de\" data-element_type=\"container\">\n\t\t\t\t\t<div class=\"e-con-inner\">\n\t\t\t\t<div class=\"elementor-element elementor-element-546092f elementor-widget elementor-widget-spacer\" data-id=\"546092f\" data-element_type=\"widget\" data-widget_type=\"spacer.default\">\n\t\t\t\t\t\t\t<div class=\"elementor-spacer\">\n\t\t\t<div class=\"elementor-spacer-inner\"><\/div>\n\t\t<\/div>\n\t\t\t\t\t\t<\/div>\n\t\t\t\t\t<\/div>\n\t\t\t\t<\/div>\n\t\t\t\t<\/div>\n\t\t","protected":false},"excerpt":{"rendered":"<p>Contact Us Kutay \u00d6zkanl\u0131 kutay@future.sosyalmedyapaketi.com export@future.sosyalmedyapaketi.com \u202a+90 537 257 30 68 Office 15 TEMMUZ MAH. 148046 NOLU SK. NO.7\/1 GAZ\u0130ANTEP\/\u015eEH\u0130TKAM\u0130L Factory ORGAN\u0130ZE SANAY\u0130 B\u00d6LGES\u0130 MAH. 28 NOLU CAD. FUTURE \u0130DAR\u0130 NO\u00a031\u00a0MERKEZ\/K\u0130L\u0130S<\/p>\n","protected":false},"author":1,"featured_media":0,"parent":0,"menu_order":0,"comment_status":"closed","ping_status":"closed","template":"","meta":{"footnotes":""},"class_list":["post-527","page","type-page","status-publish","hentry"],"_links":{"self":[{"href":"https:\/\/future.sosyalmedyapaketi.com\/en\/wp-json\/wp\/v2\/pages\/527","targetHints":{"allow":["GET"]}}],"collection":[{"href":"https:\/\/future.sosyalmedyapaketi.com\/en\/wp-json\/wp\/v2\/pages"}],"about":[{"href":"https:\/\/future.sosyalmedyapaketi.com\/en\/wp-json\/wp\/v2\/types\/page"}],"author":[{"embeddable":true,"href":"https:\/\/future.sosyalmedyapaketi.com\/en\/wp-json\/wp\/v2\/users\/1"}],"replies":[{"embeddable":true,"href":"https:\/\/future.sosyalmedyapaketi.com\/en\/wp-json\/wp\/v2\/comments?post=527"}],"version-history":[{"count":27,"href":"https:\/\/future.sosyalmedyapaketi.com\/en\/wp-json\/wp\/v2\/pages\/527\/revisions"}],"predecessor-version":[{"id":14878,"href":"https:\/\/future.sosyalmedyapaketi.com\/en\/wp-json\/wp\/v2\/pages\/527\/revisions\/14878"}],"wp:attachment":[{"href":"https:\/\/future.sosyalmedyapaketi.com\/en\/wp-json\/wp\/v2\/media?parent=527"}],"curies":[{"name":"wp","href":"https:\/\/api.w.org\/{rel}","templated":true}]}}